{"id":299,"date":"2023-01-17T17:41:04","date_gmt":"2023-01-17T16:41:04","guid":{"rendered":"http:\/\/ggdp.inspiresc.it\/?page_id=299"},"modified":"2023-03-14T14:55:27","modified_gmt":"2023-03-14T13:55:27","slug":"chi-siamo","status":"publish","type":"page","link":"https:\/\/ggdp.inspiresc.it\/index.php\/chi-siamo\/","title":{"rendered":"Chi siamo"},"content":{"rendered":"<h1>\n<p>La nostra filosofia<\/h1>\n<p><img decoding=\"async\" src=\"\/wp-content\/uploads\/2023\/01\/15267937_1206231666119258_6429586151150534595_n.jpg\" alt=\"\"><\/p>\n<div>\n<p>Il cuore non \u00e8 solo il marchio dello straMERCATINO, \u00e8 il simbolo dell\u2019impegno a riutilizzare, risparmiare e aiutare che caratterizza il progetto fin dalla sua fondazione. Forte dell\u2019esperienza organizzativa acquisita negli anni e della popolarit\u00e0 conquistata grazie alle innumerevoli edizioni, che si sono tenute in tanti paesi e citt\u00e0 di Piemonte, Liguria e Valle d\u2019Aosta, oggi straMERCATINO \u00e8 leader nel settore eventi, manifestazioni fieristiche, mercatini e attivit\u00e0 culturali.<\/p>\n<p>Sostenibilit\u00e0, artigianato ed eccellenza sono le tre \u201cparole d\u2019ordine\u201d del progetto straMERCATINO, che organizza mercatini tematici dell\u2019usato, dell\u2019antiquariato, del collezionismo, dell\u2019artigianato creativo e dei prodotti enogastronomici tipici e di qualit\u00e0; ogni evento pu\u00f2 essere dedicato a uno di questi settori o contenerli tutti in aree separate e distinte.<\/p>\n<\/div>\n<h3>Perch\u00e8 USATO?<\/h3>\n<p><img decoding=\"async\" src=\"\/wp-content\/uploads\/2023\/01\/313427391_548378257290575_5722045871761347293_n.jpg\" alt=\"\"><\/p>\n<div>\n<p>Il concetto di sostenibilit\u00e0, oggi di moda, \u00e8 fondamentale. Gli oggetti usati possono essere ri-usati da altre persone, quello che noi non apprezziamo pi\u00f9 pu\u00f2 avere un valore per altri. Lo straMERCATINO allunga il ciclo di vita di libri, mobili, vestiti, giocattoli, stoviglie ed elettrodomestici. Cos\u00ec facendo, adottiamo uno stile di vita smart e diminuiamo l\u2019impatto sull\u2019ambiente. Insegniamo ai nostri figli ad apprezzare quel che hanno, a dare valore a ogni oggetto e a trattarlo bene, perch\u00e9 pu\u00f2 essere rivenduto ma non solo. Promuoviamo l\u2019aggregazione, la condivisione e la commistione di gusti e stili di vita, stimolando l\u2019occupazione e offrendo un\u2019occasione a chi vuole impegnarsi in attivit\u00e0 utili per s\u00e9 e per gli altri. Senza dimenticare mai che per qualcuno, cedere o acquistare l\u2019usato \u00e8 una necessit\u00e0, che noi capiamo e sosteniamo.<\/p>\n<p><strong>Lo straMERCATINO \u00e8 una SCELTA CONSAPEVOLE.<\/strong><\/p>\n<\/div>\n<h3>Perch\u00e9 ANTIQUARIATO e COLLEZIONISMO?<\/h3>\n<div>\n<p>Per alimentare passioni e interessi. Anche antiquariato e collezionismo sono declinazioni del ri-uso, che hanno a che fare con l\u2019arte e la cultura, con la curiosit\u00e0 nei confronti del passato, con la passione e la costanza. Collezionare significa curare, offrire una nuova opportunit\u00e0 di vita alle cose, custodire, catalogare ed esporre gli oggetti del proprio interesse.<\/p>\n<p><strong>Lo straMERCATINO \u00e8 una SCELTA APPASSIONANTE.<\/strong><\/p>\n<\/div>\n<p><img decoding=\"async\" src=\"\/wp-content\/uploads\/2023\/01\/29511412_1677469222328831_693411367392929823_n-1.jpg\" alt=\"\"><\/p>\n<h3>Perch\u00e9 ARTIGIANATO CREATIVO?<\/h3>\n<p><img decoding=\"async\" src=\"\/wp-content\/uploads\/2023\/01\/132044079_3656097741132626_958836990835243574_n.jpg\" alt=\"\"><\/p>\n<div>\n<p>C\u2019\u00e8 chi raggiunge le vette espressive degli artisti, ma la creativit\u00e0 \u00e8 in ciascuno di noi, stimolarla \u00e8 sempre positivo. La creativit\u00e0 ha sempre il gusto della libert\u00e0, \u00e8 occasione per mettersi alla prova, impegnarsi, misurarsi, realizzarsi. Non ultimo, l\u2019artigianato creativo spesso utilizza materiali naturali e di riciclo, accompagnando il valore della sostenibilit\u00e0. straMERCATINO regala a tutti l\u2019occasione per provarci, offre uno spazio dove mettere in mostra le proprie creazioni, per confrontarsi con gli altri, dare senso alle proprie attitudini e al proprio ingegno.<\/p>\n<p><strong>Lo straMERCATINO \u00e8 una SCELTA STIMOLANTE.<\/strong><\/p>\n<\/div>\n<h3>Perch\u00e9 ENOGASTRONOMIA TIPICA E D\u2019ECCELLENZA?<\/h3>\n<div>\n<p>Non \u00e8 necessariamente il valore economico del prodotto a garantirne la qualit\u00e0. Eccellenza vuol dire valorizzare il territorio; sostenere le aziende agricole e i prodotti a chilometro zero; rilanciare la tradizione; apprezzare le differenze; comprendere che con la cultura della sana alimentazione si guadagna in qualit\u00e0 di vita.<\/p>\n<p><strong>Lo straMERCATINO \u00e8 una SCELTA GUSTOSA.<\/strong><\/p>\n<\/div>\n<p><img decoding=\"async\" src=\"\/wp-content\/uploads\/2023\/01\/132067064_3656105747798492_1442329266732417344_n.jpg\" alt=\"\"><br \/>\n<img decoding=\"async\" src=\"\/wp-content\/uploads\/2023\/01\/LOGO-BIANCO-1.png\" alt=\"\"><\/p>\n<h3>Sede<\/h3>\n<ul>\n<li>\n<p><a href=\"#\"><\/p>\n<p>Strada del Meisino 55\/3 &#8211; Torino<\/p>\n<p><\/a><\/p>\n<\/li>\n<li>\n<p><a href=\"#\"><\/p>\n<p>dal marted\u00ec al venerd\u00ec\u00a0<\/p>\n<p><\/a><\/p>\n<\/li>\n<li>\n<p><a href=\"#\"><\/p>\n<p>orario continuato dalle 11 alle 17<\/p>\n<p><\/a><\/p>\n<\/li>\n<\/ul>\n<h3>Contatti<\/h3>\n<ul>\n<li>\n<p><a href=\"#\"><\/p>\n<p>0117630850<\/p>\n<p><\/a><\/p>\n<\/li>\n<li>\n<p><a href=\"#\"><\/p>\n<p>0110708295<\/p>\n<p><\/a><\/p>\n<\/li>\n<li>\n<p><a href=\"#\"><\/p>\n<p>info@stramercatino.it<\/p>\n<p><\/a><\/p>\n<\/li>\n<\/ul>\n<h3>\n<p>WHATSAPP NEWS<\/p>\n<\/h3>\n<div>\n<p><a href=\"#\"><\/p>\n<p>\u00c8 possibile ricevere le comunicazioni riguardanti straMERCATINO anche su WhatsApp, basta aggiungere in rubrica il numero 3332282260\u00a0<\/p>\n<p><\/a><\/p>\n<\/div>\n<hr>\n<ul>\n<li><a href=\"https:\/\/www.facebook.com\/straMercati\/\">facebook<\/a>\n<\/li>\n<li><a href=\"https:\/\/www.facebook.com\/groups\/stramercatino\">facebook<\/a>\n<\/li>\n<li><a href=\"https:\/\/www.instagram.com\/stramercatino\/\">instagram<\/a>\n<\/li>\n<li><a href=\"https:\/\/www.youtube.com\/@associazionestramercatino3878\">youtube<\/a>\n<\/li>\n<li><a href=\"\/3332282260\">social<\/a>\n<\/li>\n<\/ul>\n<p><!--more--><br \/>\n<!-- {\"type\":\"layout\",\"children\":[{\"type\":\"section\",\"props\":{\"style\":\"default\",\"width\":\"small\",\"vertical_align\":\"middle\",\"title_position\":\"top-left\",\"title_rotation\":\"left\",\"title_breakpoint\":\"xl\",\"image_position\":\"top-center\",\"padding\":\"small\",\"padding_remove_bottom\":false,\"image\":\"wp-content\\\/uploads\\\/2023\\\/01\\\/Sfondo-cuori-1-scaled.jpg\",\"image_size\":\"width-1-1\",\"image_loading\":false,\"height\":\"percent\"},\"children\":[{\"type\":\"row\",\"children\":[{\"type\":\"column\",\"props\":{\"position_sticky_breakpoint\":\"m\",\"image_position\":\"center-center\",\"media_overlay_gradient\":\"\"},\"children\":[]}]},{\"type\":\"row\",\"props\":{\"column_gap\":\"medium\",\"row_gap\":\"large\",\"width\":\"small\",\"padding_remove_horizontal\":false,\"margin\":\"large\",\"match\":false},\"children\":[{\"type\":\"column\",\"props\":{\"position_sticky_breakpoint\":\"m\",\"image_position\":\"center-center\",\"media_overlay_gradient\":\"\"},\"children\":[{\"type\":\"headline\",\"props\":{\"title_element\":\"h1\",\"title_style\":\"heading-small\",\"block_align\":\"center\",\"text_align\":\"center\",\"content\":\"<br \\\/><br \\\/><br \\\/><br \\\/>La nostra filosofia\",\"margin\":\"default\",\"title_font_family\":\"secondary\"}},{\"type\":\"image\",\"props\":{\"margin\":\"default\",\"image_svg_color\":\"emphasis\",\"image_width\":\"1400\",\"image_loading\":true,\"image\":\"wp-content\\\/uploads\\\/2023\\\/01\\\/15267937_1206231666119258_6429586151150534595_n.jpg\",\"image_alt\":\"\"}},{\"type\":\"text\",\"props\":{\"margin\":\"default\",\"column_breakpoint\":\"m\",\"content\":\"\n\n<p>Il cuore non \\u00e8 solo il marchio dello straMERCATINO, \\u00e8 il simbolo dell\\u2019impegno a riutilizzare, risparmiare e aiutare che caratterizza il progetto fin dalla sua fondazione. Forte dell\\u2019esperienza organizzativa acquisita negli anni e della popolarit\\u00e0 conquistata grazie alle innumerevoli edizioni, che si sono tenute in tanti paesi e citt\\u00e0 di Piemonte, Liguria e Valle d\\u2019Aosta, oggi straMERCATINO \\u00e8 leader nel settore eventi, manifestazioni fieristiche, mercatini e attivit\\u00e0 culturali.<\\\/p>\\n\n\n<p>Sostenibilit\\u00e0, artigianato ed eccellenza sono le tre \\u201cparole d\\u2019ordine\\u201d del progetto straMERCATINO, che organizza mercatini tematici dell\\u2019usato, dell\\u2019antiquariato, del collezionismo, dell\\u2019artigianato creativo e dei prodotti enogastronomici tipici e di qualit\\u00e0; ogni evento pu\\u00f2 essere dedicato a uno di questi settori o contenerli tutti in aree separate e distinte.<\\\/p>\"}}]}]}],\"name\":\"Post\"},{\"type\":\"section\",\"props\":{\"style\":\"muted\",\"width\":\"small\",\"vertical_align\":\"middle\",\"title_position\":\"top-left\",\"title_rotation\":\"left\",\"title_breakpoint\":\"xl\",\"image_position\":\"center-center\",\"padding\":\"small\"},\"children\":[{\"type\":\"row\",\"children\":[{\"type\":\"column\",\"props\":{\"position_sticky_breakpoint\":\"m\",\"image_position\":\"center-center\",\"media_overlay_gradient\":\"\"},\"children\":[{\"type\":\"headline\",\"props\":{\"title_element\":\"h3\",\"content\":\"Perch\\u00e8 USATO?\",\"title_font_family\":\"secondary\"}}]}]},{\"type\":\"row\",\"props\":{\"layout\":\"2-5,3-5\"},\"children\":[{\"type\":\"column\",\"props\":{\"position_sticky_breakpoint\":\"m\",\"image_position\":\"center-center\",\"media_overlay_gradient\":\"\",\"width_medium\":\"2-5\"},\"children\":[{\"type\":\"image\",\"props\":{\"margin\":\"default\",\"image_svg_color\":\"emphasis\",\"image\":\"wp-content\\\/uploads\\\/2023\\\/01\\\/313427391_548378257290575_5722045871761347293_n.jpg\"}}]},{\"type\":\"column\",\"props\":{\"position_sticky_breakpoint\":\"m\",\"image_position\":\"center-center\",\"media_overlay_gradient\":\"\",\"width_medium\":\"3-5\"},\"children\":[{\"type\":\"text\",\"props\":{\"margin\":\"default\",\"column_breakpoint\":\"m\",\"content\":\"\n\n<p>Il concetto di sostenibilit\\u00e0, oggi di moda, \\u00e8 fondamentale. Gli oggetti usati possono essere ri-usati da altre persone, quello che noi non apprezziamo pi\\u00f9 pu\\u00f2 avere un valore per altri. Lo straMERCATINO allunga il ciclo di vita di libri, mobili, vestiti, giocattoli, stoviglie ed elettrodomestici. Cos\\u00ec facendo, adottiamo uno stile di vita smart e diminuiamo l\\u2019impatto sull\\u2019ambiente. Insegniamo ai nostri figli ad apprezzare quel che hanno, a dare valore a ogni oggetto e a trattarlo bene, perch\\u00e9 pu\\u00f2 essere rivenduto ma non solo. Promuoviamo l\\u2019aggregazione, la condivisione e la commistione di gusti e stili di vita, stimolando l\\u2019occupazione e offrendo un\\u2019occasione a chi vuole impegnarsi in attivit\\u00e0 utili per s\\u00e9 e per gli altri. Senza dimenticare mai che per qualcuno, cedere o acquistare l\\u2019usato \\u00e8 una necessit\\u00e0, che noi capiamo e sosteniamo.<\\\/p>\\n\n\n<p><strong>Lo straMERCATINO \\u00e8 una SCELTA CONSAPEVOLE.<\\\/strong><\\\/p>\"}}]}]}]},{\"type\":\"section\",\"props\":{\"style\":\"default\",\"width\":\"small\",\"vertical_align\":\"middle\",\"title_position\":\"top-left\",\"title_rotation\":\"left\",\"title_breakpoint\":\"xl\",\"image_position\":\"center-center\",\"padding\":\"small\"},\"children\":[{\"type\":\"row\",\"children\":[{\"type\":\"column\",\"props\":{\"position_sticky_breakpoint\":\"m\",\"image_position\":\"center-center\",\"media_overlay_gradient\":\"\"},\"children\":[{\"type\":\"headline\",\"props\":{\"title_element\":\"h3\",\"content\":\"Perch\\u00e9 ANTIQUARIATO e COLLEZIONISMO?\",\"title_font_family\":\"secondary\"}}]}]},{\"type\":\"row\",\"props\":{\"layout\":\"3-5,2-5\"},\"children\":[{\"type\":\"column\",\"props\":{\"position_sticky_breakpoint\":\"m\",\"image_position\":\"center-center\",\"media_overlay_gradient\":\"\",\"width_medium\":\"3-5\"},\"children\":[{\"type\":\"text\",\"props\":{\"margin\":\"default\",\"column_breakpoint\":\"m\",\"content\":\"\n\n<p>Per alimentare passioni e interessi. Anche antiquariato e collezionismo sono declinazioni del ri-uso, che hanno a che fare con l\\u2019arte e la cultura, con la curiosit\\u00e0 nei confronti del passato, con la passione e la costanza. Collezionare significa curare, offrire una nuova opportunit\\u00e0 di vita alle cose, custodire, catalogare ed esporre gli oggetti del proprio interesse.<\\\/p>\\n\n\n<p><strong>Lo straMERCATINO \\u00e8 una SCELTA APPASSIONANTE.<\\\/strong><\\\/p>\"}}]},{\"type\":\"column\",\"props\":{\"position_sticky_breakpoint\":\"m\",\"image_position\":\"center-center\",\"media_overlay_gradient\":\"\",\"width_medium\":\"2-5\"},\"children\":[{\"type\":\"image\",\"props\":{\"margin\":\"default\",\"image_svg_color\":\"emphasis\",\"image\":\"wp-content\\\/uploads\\\/2023\\\/01\\\/29511412_1677469222328831_693411367392929823_n-1.jpg\"}}]}]}]},{\"type\":\"section\",\"props\":{\"style\":\"muted\",\"width\":\"small\",\"vertical_align\":\"middle\",\"title_position\":\"top-left\",\"title_rotation\":\"left\",\"title_breakpoint\":\"xl\",\"image_position\":\"center-center\",\"padding\":\"small\"},\"children\":[{\"type\":\"row\",\"children\":[{\"type\":\"column\",\"props\":{\"position_sticky_breakpoint\":\"m\",\"image_position\":\"center-center\",\"media_overlay_gradient\":\"\"},\"children\":[{\"type\":\"headline\",\"props\":{\"title_element\":\"h3\",\"content\":\"Perch\\u00e9 ARTIGIANATO CREATIVO?\",\"title_font_family\":\"secondary\"}}]}]},{\"type\":\"row\",\"props\":{\"layout\":\"2-5,3-5\"},\"children\":[{\"type\":\"column\",\"props\":{\"position_sticky_breakpoint\":\"m\",\"image_position\":\"center-center\",\"media_overlay_gradient\":\"\",\"width_medium\":\"2-5\"},\"children\":[{\"type\":\"image\",\"props\":{\"margin\":\"default\",\"image_svg_color\":\"emphasis\",\"image\":\"wp-content\\\/uploads\\\/2023\\\/01\\\/132044079_3656097741132626_958836990835243574_n.jpg\"}}]},{\"type\":\"column\",\"props\":{\"position_sticky_breakpoint\":\"m\",\"image_position\":\"center-center\",\"media_overlay_gradient\":\"\",\"width_medium\":\"3-5\"},\"children\":[{\"type\":\"text\",\"props\":{\"margin\":\"default\",\"column_breakpoint\":\"m\",\"content\":\"\n\n<p>C\\u2019\\u00e8 chi raggiunge le vette espressive degli artisti, ma la creativit\\u00e0 \\u00e8 in ciascuno di noi, stimolarla \\u00e8 sempre positivo. La creativit\\u00e0 ha sempre il gusto della libert\\u00e0, \\u00e8 occasione per mettersi alla prova, impegnarsi, misurarsi, realizzarsi. Non ultimo, l\\u2019artigianato creativo spesso utilizza materiali naturali e di riciclo, accompagnando il valore della sostenibilit\\u00e0. straMERCATINO regala a tutti l\\u2019occasione per provarci, offre uno spazio dove mettere in mostra le proprie creazioni, per confrontarsi con gli altri, dare senso alle proprie attitudini e al proprio ingegno.<\\\/p>\\n\n\n<p><strong>Lo straMERCATINO \\u00e8 una SCELTA STIMOLANTE.<\\\/strong><\\\/p>\"}}]}]}]},{\"type\":\"section\",\"props\":{\"style\":\"default\",\"width\":\"small\",\"vertical_align\":\"middle\",\"title_position\":\"top-left\",\"title_rotation\":\"left\",\"title_breakpoint\":\"xl\",\"image_position\":\"center-center\",\"padding\":\"small\"},\"children\":[{\"type\":\"row\",\"children\":[{\"type\":\"column\",\"props\":{\"position_sticky_breakpoint\":\"m\",\"image_position\":\"center-center\",\"media_overlay_gradient\":\"\",\"width_medium\":\"\"},\"children\":[{\"type\":\"headline\",\"props\":{\"title_element\":\"h3\",\"content\":\"Perch\\u00e9 ENOGASTRONOMIA TIPICA E D\\u2019ECCELLENZA?\",\"title_font_family\":\"secondary\"}}]}]},{\"type\":\"row\",\"props\":{\"layout\":\"3-5,2-5\"},\"children\":[{\"type\":\"column\",\"props\":{\"position_sticky_breakpoint\":\"m\",\"image_position\":\"center-center\",\"media_overlay_gradient\":\"\",\"width_medium\":\"3-5\"},\"children\":[{\"type\":\"text\",\"props\":{\"margin\":\"default\",\"column_breakpoint\":\"m\",\"content\":\"\n\n<p>Non \\u00e8 necessariamente il valore economico del prodotto a garantirne la qualit\\u00e0. Eccellenza vuol dire valorizzare il territorio; sostenere le aziende agricole e i prodotti a chilometro zero; rilanciare la tradizione; apprezzare le differenze; comprendere che con la cultura della sana alimentazione si guadagna in qualit\\u00e0 di vita.<\\\/p>\\n\n\n<p><strong>Lo straMERCATINO \\u00e8 una SCELTA GUSTOSA.<\\\/strong><\\\/p>\"}}]},{\"type\":\"column\",\"props\":{\"position_sticky_breakpoint\":\"m\",\"image_position\":\"center-center\",\"media_overlay_gradient\":\"\",\"width_medium\":\"2-5\"},\"children\":[{\"type\":\"image\",\"props\":{\"margin\":\"default\",\"image_svg_color\":\"emphasis\",\"image\":\"wp-content\\\/uploads\\\/2023\\\/01\\\/132067064_3656105747798492_1442329266732417344_n.jpg\"}}]}]}]},{\"name\":\"Footer\",\"type\":\"section\",\"props\":{\"width\":\"xlarge\",\"padding\":\"large\",\"style\":\"secondary\",\"animation\":\"slide-left-small\",\"class\":\"\",\"vertical_align\":\"middle\",\"title_position\":\"top-left\",\"title_rotation\":\"left\",\"title_breakpoint\":\"xl\",\"image_position\":\"top-left\",\"padding_remove_bottom\":true,\"image\":\"\",\"image_width\":\"100\"},\"children\":[{\"type\":\"row\",\"props\":{\"margin_remove_top\":true,\"margin\":\"small\"},\"children\":[{\"type\":\"column\",\"props\":{\"position_sticky_breakpoint\":\"m\",\"image_position\":\"center-center\",\"media_overlay_gradient\":\"\"},\"children\":[{\"type\":\"image\",\"props\":{\"margin\":\"small\",\"image_svg_color\":\"emphasis\",\"image\":\"wp-content\\\/uploads\\\/2023\\\/01\\\/LOGO-BIANCO-1.png\",\"image_width\":\"200\",\"margin_remove_bottom\":true,\"margin_remove_top\":true}}]}]},{\"name\":\"\",\"type\":\"row\",\"props\":{\"layout\":\"1-3,1-3,1-3\",\"vertical_align\":true,\"divider\":true},\"children\":[{\"name\":\"\",\"type\":\"column\",\"props\":{\"image_position\":\"center-center\",\"media_overlay_gradient\":\"\",\"width_medium\":\"1-3\",\"position_sticky_breakpoint\":\"m\"},\"children\":[{\"type\":\"headline\",\"props\":{\"title_element\":\"h3\",\"content\":\"Sede\",\"title_style\":\"h4\"}},{\"type\":\"list\",\"props\":{\"show_image\":true,\"show_link\":true,\"list_element\":\"ul\",\"column_breakpoint\":\"m\",\"image_svg_color\":\"emphasis\",\"image_align\":\"left\",\"image_vertical_align\":true,\"list_type\":\"vertical\",\"list_horizontal_separator\":\", \"},\"children\":[{\"type\":\"list_item\",\"props\":{\"content\":\"\n\n<p>Strada del Meisino 55\\\/3 - Torino<\\\/p>\",\"link\":\"#\",\"icon\":\"home\"}},{\"type\":\"list_item\",\"props\":{\"content\":\"\n\n<p>dal marted\\u00ec al venerd\\u00ec\\u00a0<\\\/p>\",\"link\":\"#\",\"icon\":\"calendar\"}},{\"type\":\"list_item\",\"props\":{\"content\":\"\n\n<p>orario continuato dalle 11 alle 17<\\\/p>\",\"link\":\"#\",\"icon\":\"clock\"}}]}]},{\"name\":\"\",\"type\":\"column\",\"props\":{\"image_position\":\"center-center\",\"media_overlay_gradient\":\"\",\"width_medium\":\"1-3\",\"position_sticky_breakpoint\":\"m\"},\"children\":[{\"type\":\"headline\",\"props\":{\"title_element\":\"h3\",\"content\":\"Contatti\",\"title_style\":\"h4\"}},{\"type\":\"list\",\"props\":{\"show_image\":true,\"show_link\":true,\"list_element\":\"ul\",\"column_breakpoint\":\"m\",\"image_svg_color\":\"emphasis\",\"image_align\":\"left\",\"image_vertical_align\":true,\"list_type\":\"vertical\",\"list_horizontal_separator\":\", \"},\"children\":[{\"type\":\"list_item\",\"props\":{\"content\":\"\n\n<p>0117630850<\\\/p>\",\"link\":\"#\",\"icon\":\"receiver\"}},{\"type\":\"list_item\",\"props\":{\"content\":\"\n\n<p>0110708295<\\\/p>\",\"link\":\"#\",\"icon\":\"print\"}},{\"type\":\"list_item\",\"props\":{\"content\":\"\n\n<p>info@stramercatino.it<\\\/p>\",\"link\":\"#\",\"icon\":\"mail\"}}]}]},{\"type\":\"column\",\"props\":{\"image_position\":\"center-center\",\"media_overlay_gradient\":\"\",\"width_medium\":\"1-3\",\"position_sticky_breakpoint\":\"m\"},\"children\":[{\"type\":\"headline\",\"props\":{\"title_element\":\"h3\",\"content\":\"\n\n<p>WHATSAPP NEWS<\\\/p>\",\"title_style\":\"h4\"}},{\"type\":\"list\",\"props\":{\"show_image\":true,\"show_link\":true,\"list_element\":\"ul\",\"column_breakpoint\":\"m\",\"image_svg_color\":\"emphasis\",\"image_align\":\"left\",\"image_vertical_align\":true,\"list_type\":\"vertical\",\"list_horizontal_separator\":\", \"},\"children\":[{\"type\":\"list_item\",\"props\":{\"content\":\"\n\n<p>\\u00c8 possibile ricevere le comunicazioni riguardanti straMERCATINO anche su WhatsApp, basta aggiungere in rubrica il numero 3332282260\\u00a0<\\\/p>\",\"link\":\"#\"}}]}]}]},{\"type\":\"row\",\"props\":{\"margin\":\"xlarge\",\"margin_remove_bottom\":true},\"children\":[{\"type\":\"column\",\"props\":{\"image_position\":\"center-center\",\"media_overlay_gradient\":\"\",\"width_medium\":\"1-1\",\"position_sticky_breakpoint\":\"m\"},\"children\":[{\"type\":\"divider\",\"props\":{\"divider_element\":\"hr\",\"divider_style\":\"\",\"divider_align\":\"\",\"divider_align_breakpoint\":\"\",\"divider_align_fallback\":\"\"}},{\"name\":\"\",\"type\":\"social\",\"props\":{\"link_style\":\"button\",\"inline_align\":\"right\",\"margin\":\"medium\",\"animation\":\"slide-right-small\",\"text_align\":\"right\",\"text_align_fallback\":\"left\",\"text_align_breakpoint\":\"m\",\"link_target\":true,\"grid_gap\":\"small\",\"grid\":\"horizontal\"},\"children\":[{\"type\":\"social_item\",\"props\":{\"link\":\"https:\\\/\\\/www.facebook.com\\\/straMercati\\\/\"}},{\"type\":\"social_item\",\"props\":{\"link\":\"https:\\\/\\\/www.facebook.com\\\/groups\\\/stramercatino\"}},{\"type\":\"social_item\",\"props\":{\"link\":\"https:\\\/\\\/www.instagram.com\\\/stramercatino\\\/\"}},{\"type\":\"social_item\",\"props\":{\"link\":\"https:\\\/\\\/www.youtube.com\\\/@associazionestramercatino3878\"}},{\"type\":\"social_item\",\"props\":{\"icon\":\"whatsapp\",\"link\":\"3332282260\"}}]}]}]},{\"type\":\"row\",\"children\":[{\"type\":\"column\",\"props\":{\"position_sticky_breakpoint\":\"m\",\"image_position\":\"center-center\",\"media_overlay_gradient\":\"\"},\"children\":[]}]}]}],\"version\":\"3.0.6\"} --><\/p>\n","protected":false},"excerpt":{"rendered":"<p>La nostra filosofia Il cuore non \u00e8 solo il marchio dello straMERCATINO, \u00e8 il simbolo dell\u2019impegno a riutilizzare, risparmiare e aiutare che caratterizza il progetto fin dalla sua fondazione. Forte dell\u2019esperienza organizzativa acquisita negli anni e della popolarit\u00e0 conquistata grazie alle innumerevoli edizioni, che si sono tenute in tanti paesi e citt\u00e0 di Piemonte, Liguria [&hellip;]<\/p>\n","protected":false},"author":1,"featured_media":0,"parent":0,"menu_order":0,"comment_status":"closed","ping_status":"closed","template":"","meta":{"footnotes":""},"class_list":["post-299","page","type-page","status-publish","hentry"],"_links":{"self":[{"href":"https:\/\/ggdp.inspiresc.it\/index.php\/wp-json\/wp\/v2\/pages\/299","targetHints":{"allow":["GET"]}}],"collection":[{"href":"https:\/\/ggdp.inspiresc.it\/index.php\/wp-json\/wp\/v2\/pages"}],"about":[{"href":"https:\/\/ggdp.inspiresc.it\/index.php\/wp-json\/wp\/v2\/types\/page"}],"author":[{"embeddable":true,"href":"https:\/\/ggdp.inspiresc.it\/index.php\/wp-json\/wp\/v2\/users\/1"}],"replies":[{"embeddable":true,"href":"https:\/\/ggdp.inspiresc.it\/index.php\/wp-json\/wp\/v2\/comments?post=299"}],"version-history":[{"count":21,"href":"https:\/\/ggdp.inspiresc.it\/index.php\/wp-json\/wp\/v2\/pages\/299\/revisions"}],"predecessor-version":[{"id":536,"href":"https:\/\/ggdp.inspiresc.it\/index.php\/wp-json\/wp\/v2\/pages\/299\/revisions\/536"}],"wp:attachment":[{"href":"https:\/\/ggdp.inspiresc.it\/index.php\/wp-json\/wp\/v2\/media?parent=299"}],"curies":[{"name":"wp","href":"https:\/\/api.w.org\/{rel}","templated":true}]}}